{"id":2393,"date":"2023-11-24T19:04:53","date_gmt":"2023-11-24T18:04:53","guid":{"rendered":"https:\/\/www.gymnaziumjihlava.cz\/parlament\/?page_id=2393"},"modified":"2023-11-24T19:06:34","modified_gmt":"2023-11-24T18:06:34","slug":"navsteva-britskeho-velvyslance","status":"publish","type":"page","link":"https:\/\/www.gymnaziumjihlava.cz\/parlament\/index.php\/navsteva-britskeho-velvyslance\/","title":{"rendered":"N\u00e1v\u0161t\u011bva britsk\u00e9ho velvyslance"},"content":{"rendered":"[vc_row type=&#8220;in_container&#8220; full_screen_row_position=&#8220;middle&#8220; column_margin=&#8220;default&#8220; column_direction=&#8220;default&#8220; column_direction_tablet=&#8220;default&#8220; column_direction_phone=&#8220;default&#8220; scene_position=&#8220;center&#8220; text_color=&#8220;dark&#8220; text_align=&#8220;left&#8220; row_border_radius=&#8220;none&#8220; row_border_radius_applies=&#8220;bg&#8220; overflow=&#8220;visible&#8220; overlay_strength=&#8220;0.3&#8243; gradient_direction=&#8220;left_to_right&#8220; shape_divider_position=&#8220;bottom&#8220; bg_image_animation=&#8220;none&#8220;][vc_column column_padding=&#8220;no-extra-padding&#8220; column_padding_tablet=&#8220;inherit&#8220; column_padding_phone=&#8220;inherit&#8220; column_padding_position=&#8220;all&#8220; column_element_direction_desktop=&#8220;default&#8220; column_element_spacing=&#8220;default&#8220; desktop_text_alignment=&#8220;default&#8220; tablet_text_alignment=&#8220;default&#8220; phone_text_alignment=&#8220;default&#8220; background_color_opacity=&#8220;1&#8243; background_hover_color_opacity=&#8220;1&#8243; column_backdrop_filter=&#8220;none&#8220; column_shadow=&#8220;none&#8220; column_border_radius=&#8220;none&#8220; column_link_target=&#8220;_self&#8220; column_position=&#8220;default&#8220; gradient_direction=&#8220;left_to_right&#8220; overlay_strength=&#8220;0.3&#8243; width=&#8220;1\/1&#8243; tablet_width_inherit=&#8220;default&#8220; animation_type=&#8220;default&#8220; bg_image_animation=&#8220;none&#8220; border_type=&#8220;simple&#8220; column_border_width=&#8220;none&#8220; column_border_style=&#8220;solid&#8220;][vc_column_text]\r\n<h1 style=\"text-align: center;\">N\u00e1v\u0161t\u011bva britsk\u00e9ho velvyslance<\/h1>\r\n[\/vc_column_text][\/vc_column][\/vc_row][vc_row type=&#8220;in_container&#8220; full_screen_row_position=&#8220;middle&#8220; column_margin=&#8220;default&#8220; column_direction=&#8220;default&#8220; column_direction_tablet=&#8220;default&#8220; column_direction_phone=&#8220;default&#8220; scene_position=&#8220;center&#8220; text_color=&#8220;dark&#8220; text_align=&#8220;left&#8220; row_border_radius=&#8220;none&#8220; row_border_radius_applies=&#8220;bg&#8220; overflow=&#8220;visible&#8220; overlay_strength=&#8220;0.3&#8243; gradient_direction=&#8220;left_to_right&#8220; shape_divider_position=&#8220;bottom&#8220; bg_image_animation=&#8220;none&#8220;][vc_column column_padding=&#8220;no-extra-padding&#8220; column_padding_tablet=&#8220;inherit&#8220; column_padding_phone=&#8220;inherit&#8220; column_padding_position=&#8220;all&#8220; column_element_direction_desktop=&#8220;default&#8220; column_element_spacing=&#8220;default&#8220; desktop_text_alignment=&#8220;default&#8220; tablet_text_alignment=&#8220;default&#8220; phone_text_alignment=&#8220;default&#8220; background_color_opacity=&#8220;1&#8243; background_hover_color_opacity=&#8220;1&#8243; column_backdrop_filter=&#8220;none&#8220; column_shadow=&#8220;none&#8220; column_border_radius=&#8220;none&#8220; column_link_target=&#8220;_self&#8220; column_position=&#8220;default&#8220; gradient_direction=&#8220;left_to_right&#8220; overlay_strength=&#8220;0.3&#8243; width=&#8220;1\/1&#8243; tablet_width_inherit=&#8220;default&#8220; animation_type=&#8220;default&#8220; bg_image_animation=&#8220;none&#8220; border_type=&#8220;simple&#8220; column_border_width=&#8220;none&#8220; column_border_style=&#8220;solid&#8220;][vc_column_text]\r\n<figure class=\"wp-block-gallery has-nested-images columns-default is-cropped wp-block-gallery-1 is-layout-flex wp-block-gallery-is-layout-flex\">\r\n<figure class=\"wp-block-image size-large\"><img loading=\"lazy\" decoding=\"async\" width=\"830\" height=\"780\" data-id=\"2395\" class=\"wp-image-2395\" src=\"https:\/\/www.gymnaziumjihlava.cz\/parlament\/wp-content\/uploads\/2023\/11\/mf1.jpg\" alt=\"\" srcset=\"https:\/\/www.gymnaziumjihlava.cz\/parlament\/wp-content\/uploads\/2023\/11\/mf1.jpg 830w, https:\/\/www.gymnaziumjihlava.cz\/parlament\/wp-content\/uploads\/2023\/11\/mf1-300x282.jpg 300w, https:\/\/www.gymnaziumjihlava.cz\/parlament\/wp-content\/uploads\/2023\/11\/mf1-768x722.jpg 768w\" sizes=\"auto, (max-width: 830px) 100vw, 830px\" \/><\/figure>\r\n\r\n\r\n\r\n<figure class=\"wp-block-image size-large\"><img loading=\"lazy\" decoding=\"async\" width=\"1024\" height=\"746\" data-id=\"2396\" class=\"wp-image-2396\" src=\"https:\/\/www.gymnaziumjihlava.cz\/parlament\/wp-content\/uploads\/2023\/11\/mf3-1024x746.jpg\" alt=\"\" srcset=\"https:\/\/www.gymnaziumjihlava.cz\/parlament\/wp-content\/uploads\/2023\/11\/mf3-1024x746.jpg 1024w, https:\/\/www.gymnaziumjihlava.cz\/parlament\/wp-content\/uploads\/2023\/11\/mf3-300x219.jpg 300w, https:\/\/www.gymnaziumjihlava.cz\/parlament\/wp-content\/uploads\/2023\/11\/mf3-768x560.jpg 768w, https:\/\/www.gymnaziumjihlava.cz\/parlament\/wp-content\/uploads\/2023\/11\/mf3.jpg 1054w\" sizes=\"auto, (max-width: 1024px) 100vw, 1024px\" \/><\/figure>\r\n\r\n\r\n\r\n<figure class=\"wp-block-image size-large\"><img loading=\"lazy\" decoding=\"async\" width=\"740\" height=\"595\" data-id=\"2397\" class=\"wp-image-2397\" src=\"https:\/\/www.gymnaziumjihlava.cz\/parlament\/wp-content\/uploads\/2023\/11\/mf4.jpg\" alt=\"\" srcset=\"https:\/\/www.gymnaziumjihlava.cz\/parlament\/wp-content\/uploads\/2023\/11\/mf4.jpg 740w, https:\/\/www.gymnaziumjihlava.cz\/parlament\/wp-content\/uploads\/2023\/11\/mf4-300x241.jpg 300w\" sizes=\"auto, (max-width: 740px) 100vw, 740px\" \/><\/figure>\r\n\r\n\r\n\r\n<figure class=\"wp-block-image size-large\"><img loading=\"lazy\" decoding=\"async\" width=\"578\" height=\"434\" data-id=\"2394\" class=\"wp-image-2394\" src=\"https:\/\/www.gymnaziumjihlava.cz\/parlament\/wp-content\/uploads\/2023\/11\/mf5.jpg\" alt=\"\" srcset=\"https:\/\/www.gymnaziumjihlava.cz\/parlament\/wp-content\/uploads\/2023\/11\/mf5.jpg 578w, https:\/\/www.gymnaziumjihlava.cz\/parlament\/wp-content\/uploads\/2023\/11\/mf5-300x225.jpg 300w\" sizes=\"auto, (max-width: 578px) 100vw, 578px\" \/><\/figure>\r\n\r\n\r\n\r\n<figure class=\"wp-block-image size-large\"><img loading=\"lazy\" decoding=\"async\" width=\"1024\" height=\"683\" data-id=\"2398\" class=\"wp-image-2398\" src=\"https:\/\/www.gymnaziumjihlava.cz\/parlament\/wp-content\/uploads\/2023\/11\/mf2-1024x683.jpg\" alt=\"\" srcset=\"https:\/\/www.gymnaziumjihlava.cz\/parlament\/wp-content\/uploads\/2023\/11\/mf2-1024x683.jpg 1024w, https:\/\/www.gymnaziumjihlava.cz\/parlament\/wp-content\/uploads\/2023\/11\/mf2-300x200.jpg 300w, https:\/\/www.gymnaziumjihlava.cz\/parlament\/wp-content\/uploads\/2023\/11\/mf2-768x512.jpg 768w, https:\/\/www.gymnaziumjihlava.cz\/parlament\/wp-content\/uploads\/2023\/11\/mf2-900x600.jpg 900w, https:\/\/www.gymnaziumjihlava.cz\/parlament\/wp-content\/uploads\/2023\/11\/mf2.jpg 1536w\" sizes=\"auto, (max-width: 1024px) 100vw, 1024px\" \/><\/figure>\r\n<p><\/p>\r\n<\/figure>\r\n[\/vc_column_text][\/vc_column][\/vc_row]","protected":false},"excerpt":{"rendered":"<p>[vc_row type=&#8220;in_container&#8220; full_screen_row_position=&#8220;middle&#8220; column_margin=&#8220;default&#8220; column_direction=&#8220;default&#8220; column_direction_tablet=&#8220;default&#8220; column_direction_phone=&#8220;default&#8220; scene_position=&#8220;center&#8220; text_color=&#8220;dark&#8220; text_align=&#8220;left&#8220; row_border_radius=&#8220;none&#8220; row_border_radius_applies=&#8220;bg&#8220; overflow=&#8220;visible&#8220; overlay_strength=&#8220;0.3&#8243; gradient_direction=&#8220;left_to_right&#8220; shape_divider_position=&#8220;bottom&#8220; bg_image_animation=&#8220;none&#8220;][vc_column column_padding=&#8220;no-extra-padding&#8220; column_padding_tablet=&#8220;inherit&#8220; column_padding_phone=&#8220;inherit&#8220; column_padding_position=&#8220;all&#8220; column_element_direction_desktop=&#8220;default&#8220; column_element_spacing=&#8220;default&#8220; desktop_text_alignment=&#8220;default&#8220; tablet_text_alignment=&#8220;default&#8220; phone_text_alignment=&#8220;default&#8220; background_color_opacity=&#8220;1&#8243; background_hover_color_opacity=&#8220;1&#8243; column_backdrop_filter=&#8220;none&#8220; column_shadow=&#8220;none&#8220;&#8230;<\/p>\n","protected":false},"author":3,"featured_media":0,"parent":0,"menu_order":0,"comment_status":"closed","ping_status":"closed","template":"","meta":{"footnotes":""},"class_list":["post-2393","page","type-page","status-publish"],"_links":{"self":[{"href":"https:\/\/www.gymnaziumjihlava.cz\/parlament\/index.php\/wp-json\/wp\/v2\/pages\/2393","targetHints":{"allow":["GET"]}}],"collection":[{"href":"https:\/\/www.gymnaziumjihlava.cz\/parlament\/index.php\/wp-json\/wp\/v2\/pages"}],"about":[{"href":"https:\/\/www.gymnaziumjihlava.cz\/parlament\/index.php\/wp-json\/wp\/v2\/types\/page"}],"author":[{"embeddable":true,"href":"https:\/\/www.gymnaziumjihlava.cz\/parlament\/index.php\/wp-json\/wp\/v2\/users\/3"}],"replies":[{"embeddable":true,"href":"https:\/\/www.gymnaziumjihlava.cz\/parlament\/index.php\/wp-json\/wp\/v2\/comments?post=2393"}],"version-history":[{"count":3,"href":"https:\/\/www.gymnaziumjihlava.cz\/parlament\/index.php\/wp-json\/wp\/v2\/pages\/2393\/revisions"}],"predecessor-version":[{"id":2401,"href":"https:\/\/www.gymnaziumjihlava.cz\/parlament\/index.php\/wp-json\/wp\/v2\/pages\/2393\/revisions\/2401"}],"wp:attachment":[{"href":"https:\/\/www.gymnaziumjihlava.cz\/parlament\/index.php\/wp-json\/wp\/v2\/media?parent=2393"}],"curies":[{"name":"wp","href":"https:\/\/api.w.org\/{rel}","templated":true}]}}