{"id":2374,"date":"2023-11-04T14:20:35","date_gmt":"2023-11-04T13:20:35","guid":{"rendered":"https:\/\/www.gymnaziumjihlava.cz\/parlament\/?page_id=2374"},"modified":"2023-12-22T16:17:26","modified_gmt":"2023-12-22T15:17:26","slug":"f8-cup-2023","status":"publish","type":"page","link":"https:\/\/www.gymnaziumjihlava.cz\/parlament\/index.php\/f8-cup-2023\/","title":{"rendered":"Archiv: F8 Cup 2023"},"content":{"rendered":"\n<h1 class=\"has-text-align-center wp-block-heading\">Archiv: F8 Cup 2023<\/h1>\n\n\n\n<p class=\"has-text-align-center\">22. 12. 2023<\/p>\n\n\n\n<figure class=\"wp-block-table aligncenter\"><table><thead><tr><th class=\"has-text-align-center\" data-align=\"center\">skupina A<\/th><th class=\"has-text-align-center\" data-align=\"center\">skupina B<\/th><\/tr><\/thead><tbody><tr><td class=\"has-text-align-center\" data-align=\"center\">7A8<\/td><td class=\"has-text-align-center\" data-align=\"center\">5A8<\/td><\/tr><tr><td class=\"has-text-align-center\" data-align=\"center\">4A6<\/td><td class=\"has-text-align-center\" data-align=\"center\">2C4<\/td><\/tr><tr><td class=\"has-text-align-center\" data-align=\"center\">3A4<\/td><td class=\"has-text-align-center\" data-align=\"center\">1B4<\/td><\/tr><tr><td class=\"has-text-align-center\" data-align=\"center\">1C4<\/td><td class=\"has-text-align-center\" data-align=\"center\">1D4<\/td><\/tr><\/tbody><\/table><\/figure>\n\n\n\n<figure class=\"wp-block-table\"><table><thead><tr><th class=\"has-text-align-center\" data-align=\"center\">\u010das<\/th><th class=\"has-text-align-center\" data-align=\"center\">t\u00fdm 1<\/th><th class=\"has-text-align-center\" data-align=\"center\">v\u00fdsledek<\/th><th class=\"has-text-align-center\" data-align=\"center\">t\u00fdm 2<\/th><\/tr><\/thead><tbody><tr><td class=\"has-text-align-center\" data-align=\"center\">8:00<\/td><td class=\"has-text-align-center\" data-align=\"center\">4A6<\/td><td class=\"has-text-align-center\" data-align=\"center\">0:1<\/td><td class=\"has-text-align-center\" data-align=\"center\">1C4<\/td><\/tr><tr><td class=\"has-text-align-center\" data-align=\"center\">8:15<\/td><td class=\"has-text-align-center\" data-align=\"center\">3A4<\/td><td class=\"has-text-align-center\" data-align=\"center\">1:2 sn<\/td><td class=\"has-text-align-center\" data-align=\"center\">7A8<\/td><\/tr><tr><td class=\"has-text-align-center\" data-align=\"center\">8:30<\/td><td class=\"has-text-align-center\" data-align=\"center\">5A8<\/td><td class=\"has-text-align-center\" data-align=\"center\">2:0<\/td><td class=\"has-text-align-center\" data-align=\"center\">1B4<\/td><\/tr><tr><td class=\"has-text-align-center\" data-align=\"center\">8:45<\/td><td class=\"has-text-align-center\" data-align=\"center\">1D4<\/td><td class=\"has-text-align-center\" data-align=\"center\">1:8<\/td><td class=\"has-text-align-center\" data-align=\"center\">2C4<\/td><\/tr><tr><td class=\"has-text-align-center\" data-align=\"center\">9:00<\/td><td class=\"has-text-align-center\" data-align=\"center\">1C4<\/td><td class=\"has-text-align-center\" data-align=\"center\">0:4<\/td><td class=\"has-text-align-center\" data-align=\"center\">3A4<\/td><\/tr><tr><td class=\"has-text-align-center\" data-align=\"center\">9:15<\/td><td class=\"has-text-align-center\" data-align=\"center\">7A8<\/td><td class=\"has-text-align-center\" data-align=\"center\">5:0<\/td><td class=\"has-text-align-center\" data-align=\"center\">4A6<\/td><\/tr><tr><td class=\"has-text-align-center\" data-align=\"center\">9:30<\/td><td class=\"has-text-align-center\" data-align=\"center\">1B4<\/td><td class=\"has-text-align-center\" data-align=\"center\">2:1<\/td><td class=\"has-text-align-center\" data-align=\"center\">1D4<\/td><\/tr><tr><td class=\"has-text-align-center\" data-align=\"center\">9:45<\/td><td class=\"has-text-align-center\" data-align=\"center\">2C4<\/td><td class=\"has-text-align-center\" data-align=\"center\">1:0<\/td><td class=\"has-text-align-center\" data-align=\"center\">5A8<\/td><\/tr><tr><td class=\"has-text-align-center\" data-align=\"center\">10:00<\/td><td class=\"has-text-align-center\" data-align=\"center\">7A8<\/td><td class=\"has-text-align-center\" data-align=\"center\">3:1<\/td><td class=\"has-text-align-center\" data-align=\"center\">1C4<\/td><\/tr><tr><td class=\"has-text-align-center\" data-align=\"center\">10:15<\/td><td class=\"has-text-align-center\" data-align=\"center\">4A6<\/td><td class=\"has-text-align-center\" data-align=\"center\">1:4<\/td><td class=\"has-text-align-center\" data-align=\"center\">3A4<\/td><\/tr><tr><td class=\"has-text-align-center\" data-align=\"center\">10:30<\/td><td class=\"has-text-align-center\" data-align=\"center\">2C4<\/td><td class=\"has-text-align-center\" data-align=\"center\">4:2<\/td><td class=\"has-text-align-center\" data-align=\"center\">1B4<\/td><\/tr><tr><td class=\"has-text-align-center\" data-align=\"center\">10:45<\/td><td class=\"has-text-align-center\" data-align=\"center\">5A8<\/td><td class=\"has-text-align-center\" data-align=\"center\">3:2<\/td><td class=\"has-text-align-center\" data-align=\"center\">1D4<\/td><\/tr><\/tbody><\/table><\/figure>\n\n\n\n<figure class=\"wp-block-table\"><table><thead><tr><th class=\"has-text-align-center\" data-align=\"center\">\u010das<\/th><th class=\"has-text-align-center\" data-align=\"center\"><\/th><th class=\"has-text-align-center\" data-align=\"center\">t\u00fdm 1<\/th><th class=\"has-text-align-center\" data-align=\"center\">v\u00fdsledek<\/th><th class=\"has-text-align-center\" data-align=\"center\">t\u00fdm 2<\/th><\/tr><\/thead><tbody><tr><td class=\"has-text-align-center\" data-align=\"center\">11:00<\/td><td class=\"has-text-align-center\" data-align=\"center\">1. semifin\u00e1le<\/td><td class=\"has-text-align-center\" data-align=\"center\">7A8<\/td><td class=\"has-text-align-center\" data-align=\"center\">3:1<\/td><td class=\"has-text-align-center\" data-align=\"center\">5A8<\/td><\/tr><tr><td class=\"has-text-align-center\" data-align=\"center\">11:15<\/td><td class=\"has-text-align-center\" data-align=\"center\">2. semifin\u00e1le<\/td><td class=\"has-text-align-center\" data-align=\"center\">3A4<\/td><td class=\"has-text-align-center\" data-align=\"center\">0:1<\/td><td class=\"has-text-align-center\" data-align=\"center\">2C4<\/td><\/tr><tr><td class=\"has-text-align-center\" data-align=\"center\">11:30<\/td><td class=\"has-text-align-center\" data-align=\"center\">o 3. m\u00edsto<\/td><td class=\"has-text-align-center\" data-align=\"center\">5A8<\/td><td class=\"has-text-align-center\" data-align=\"center\">1:4<\/td><td class=\"has-text-align-center\" data-align=\"center\">3A4<\/td><\/tr><tr><td class=\"has-text-align-center\" data-align=\"center\">11:45<\/td><td class=\"has-text-align-center\" data-align=\"center\">fin\u00e1le<\/td><td class=\"has-text-align-center\" data-align=\"center\">7A8<\/td><td class=\"has-text-align-center\" data-align=\"center\">2:1<\/td><td class=\"has-text-align-center\" data-align=\"center\">2C4<\/td><\/tr><\/tbody><\/table><\/figure>\n","protected":false},"excerpt":{"rendered":"<p>Archiv: F8 Cup 2023 22. 12. 2023 skupina A skupina B 7A8 5A8 4A6 2C4 3A4 1B4 1C4 1D4 \u010das t\u00fdm 1 v\u00fdsledek t\u00fdm 2 8:00 4A6 0:1 1C4 8:15&#8230;<\/p>\n","protected":false},"author":3,"featured_media":0,"parent":0,"menu_order":0,"comment_status":"closed","ping_status":"closed","template":"","meta":{"footnotes":""},"class_list":["post-2374","page","type-page","status-publish"],"_links":{"self":[{"href":"https:\/\/www.gymnaziumjihlava.cz\/parlament\/index.php\/wp-json\/wp\/v2\/pages\/2374","targetHints":{"allow":["GET"]}}],"collection":[{"href":"https:\/\/www.gymnaziumjihlava.cz\/parlament\/index.php\/wp-json\/wp\/v2\/pages"}],"about":[{"href":"https:\/\/www.gymnaziumjihlava.cz\/parlament\/index.php\/wp-json\/wp\/v2\/types\/page"}],"author":[{"embeddable":true,"href":"https:\/\/www.gymnaziumjihlava.cz\/parlament\/index.php\/wp-json\/wp\/v2\/users\/3"}],"replies":[{"embeddable":true,"href":"https:\/\/www.gymnaziumjihlava.cz\/parlament\/index.php\/wp-json\/wp\/v2\/comments?post=2374"}],"version-history":[{"count":7,"href":"https:\/\/www.gymnaziumjihlava.cz\/parlament\/index.php\/wp-json\/wp\/v2\/pages\/2374\/revisions"}],"predecessor-version":[{"id":2451,"href":"https:\/\/www.gymnaziumjihlava.cz\/parlament\/index.php\/wp-json\/wp\/v2\/pages\/2374\/revisions\/2451"}],"wp:attachment":[{"href":"https:\/\/www.gymnaziumjihlava.cz\/parlament\/index.php\/wp-json\/wp\/v2\/media?parent=2374"}],"curies":[{"name":"wp","href":"https:\/\/api.w.org\/{rel}","templated":true}]}}