{"id":2144,"date":"2023-08-06T12:50:54","date_gmt":"2023-08-06T11:50:54","guid":{"rendered":"https:\/\/www.gymnaziumjihlava.cz\/parlament\/?page_id=2144"},"modified":"2023-08-06T12:56:41","modified_gmt":"2023-08-06T11:56:41","slug":"foto-beh-pro-pamet-naroda-2023","status":"publish","type":"page","link":"https:\/\/www.gymnaziumjihlava.cz\/parlament\/index.php\/foto-beh-pro-pamet-naroda-2023\/","title":{"rendered":"Fotky B\u011bh pro Pam\u011b\u0165 n\u00e1roda 2023"},"content":{"rendered":"[vc_row type=&#8220;in_container&#8220; full_screen_row_position=&#8220;middle&#8220; column_margin=&#8220;default&#8220; column_direction=&#8220;default&#8220; column_direction_tablet=&#8220;default&#8220; column_direction_phone=&#8220;default&#8220; scene_position=&#8220;center&#8220; text_color=&#8220;dark&#8220; text_align=&#8220;left&#8220; row_border_radius=&#8220;none&#8220; row_border_radius_applies=&#8220;bg&#8220; overflow=&#8220;visible&#8220; overlay_strength=&#8220;0.3&#8243; gradient_direction=&#8220;left_to_right&#8220; shape_divider_position=&#8220;bottom&#8220; bg_image_animation=&#8220;none&#8220;][vc_column column_padding=&#8220;no-extra-padding&#8220; column_padding_tablet=&#8220;inherit&#8220; column_padding_phone=&#8220;inherit&#8220; column_padding_position=&#8220;all&#8220; column_element_direction_desktop=&#8220;default&#8220; column_element_spacing=&#8220;default&#8220; desktop_text_alignment=&#8220;default&#8220; tablet_text_alignment=&#8220;default&#8220; phone_text_alignment=&#8220;default&#8220; background_color_opacity=&#8220;1&#8243; background_hover_color_opacity=&#8220;1&#8243; column_backdrop_filter=&#8220;none&#8220; column_shadow=&#8220;none&#8220; column_border_radius=&#8220;none&#8220; column_link_target=&#8220;_self&#8220; column_position=&#8220;default&#8220; gradient_direction=&#8220;left_to_right&#8220; overlay_strength=&#8220;0.3&#8243; width=&#8220;1\/1&#8243; tablet_width_inherit=&#8220;default&#8220; animation_type=&#8220;default&#8220; bg_image_animation=&#8220;none&#8220; border_type=&#8220;simple&#8220; column_border_width=&#8220;none&#8220; column_border_style=&#8220;solid&#8220;][vc_column_text]\r\n<h1 style=\"text-align: center;\">Fotky B\u011bh pro Pam\u011b\u0165 n\u00e1roda 2023<\/h1>\r\n[\/vc_column_text][\/vc_column][\/vc_row][vc_row type=&#8220;in_container&#8220; full_screen_row_position=&#8220;middle&#8220; column_margin=&#8220;default&#8220; column_direction=&#8220;default&#8220; column_direction_tablet=&#8220;default&#8220; column_direction_phone=&#8220;default&#8220; scene_position=&#8220;center&#8220; text_color=&#8220;dark&#8220; text_align=&#8220;left&#8220; row_border_radius=&#8220;none&#8220; row_border_radius_applies=&#8220;bg&#8220; overflow=&#8220;visible&#8220; overlay_strength=&#8220;0.3&#8243; gradient_direction=&#8220;left_to_right&#8220; shape_divider_position=&#8220;bottom&#8220; bg_image_animation=&#8220;none&#8220;][vc_column column_padding=&#8220;no-extra-padding&#8220; column_padding_tablet=&#8220;inherit&#8220; column_padding_phone=&#8220;inherit&#8220; column_padding_position=&#8220;all&#8220; column_element_direction_desktop=&#8220;default&#8220; column_element_spacing=&#8220;default&#8220; desktop_text_alignment=&#8220;default&#8220; tablet_text_alignment=&#8220;default&#8220; phone_text_alignment=&#8220;default&#8220; background_color_opacity=&#8220;1&#8243; background_hover_color_opacity=&#8220;1&#8243; column_backdrop_filter=&#8220;none&#8220; column_shadow=&#8220;none&#8220; column_border_radius=&#8220;none&#8220; column_link_target=&#8220;_self&#8220; column_position=&#8220;default&#8220; gradient_direction=&#8220;left_to_right&#8220; overlay_strength=&#8220;0.3&#8243; width=&#8220;1\/1&#8243; tablet_width_inherit=&#8220;default&#8220; animation_type=&#8220;default&#8220; bg_image_animation=&#8220;none&#8220; border_type=&#8220;simple&#8220; column_border_width=&#8220;none&#8220; column_border_style=&#8220;solid&#8220;][vc_column_text]\r\n<figure class=\"wp-block-gallery has-nested-images columns-default is-cropped wp-block-gallery-1 is-layout-flex wp-block-gallery-is-layout-flex\">\r\n<figure class=\"wp-block-image size-large\"><img loading=\"lazy\" decoding=\"async\" width=\"1024\" height=\"683\" data-id=\"2150\" class=\"wp-image-2150\" src=\"https:\/\/www.gymnaziumjihlava.cz\/parlament\/wp-content\/uploads\/2023\/08\/IMG_9921-1024x683.jpg\" alt=\"\" srcset=\"https:\/\/www.gymnaziumjihlava.cz\/parlament\/wp-content\/uploads\/2023\/08\/IMG_9921-1024x683.jpg 1024w, https:\/\/www.gymnaziumjihlava.cz\/parlament\/wp-content\/uploads\/2023\/08\/IMG_9921-300x200.jpg 300w, https:\/\/www.gymnaziumjihlava.cz\/parlament\/wp-content\/uploads\/2023\/08\/IMG_9921-768x512.jpg 768w, https:\/\/www.gymnaziumjihlava.cz\/parlament\/wp-content\/uploads\/2023\/08\/IMG_9921-1536x1024.jpg 1536w, https:\/\/www.gymnaziumjihlava.cz\/parlament\/wp-content\/uploads\/2023\/08\/IMG_9921-2048x1365.jpg 2048w, https:\/\/www.gymnaziumjihlava.cz\/parlament\/wp-content\/uploads\/2023\/08\/IMG_9921-900x600.jpg 900w\" sizes=\"auto, (max-width: 1024px) 100vw, 1024px\" \/><\/figure>\r\n\r\n\r\n\r\n<figure class=\"wp-block-image size-large\"><img loading=\"lazy\" decoding=\"async\" width=\"1024\" height=\"682\" data-id=\"2147\" class=\"wp-image-2147\" src=\"https:\/\/www.gymnaziumjihlava.cz\/parlament\/wp-content\/uploads\/2023\/08\/IMG_5667-1024x682.jpg\" alt=\"\" srcset=\"https:\/\/www.gymnaziumjihlava.cz\/parlament\/wp-content\/uploads\/2023\/08\/IMG_5667-1024x682.jpg 1024w, https:\/\/www.gymnaziumjihlava.cz\/parlament\/wp-content\/uploads\/2023\/08\/IMG_5667-300x200.jpg 300w, https:\/\/www.gymnaziumjihlava.cz\/parlament\/wp-content\/uploads\/2023\/08\/IMG_5667-768x511.jpg 768w, https:\/\/www.gymnaziumjihlava.cz\/parlament\/wp-content\/uploads\/2023\/08\/IMG_5667-1536x1023.jpg 1536w, https:\/\/www.gymnaziumjihlava.cz\/parlament\/wp-content\/uploads\/2023\/08\/IMG_5667-2048x1364.jpg 2048w, https:\/\/www.gymnaziumjihlava.cz\/parlament\/wp-content\/uploads\/2023\/08\/IMG_5667-900x600.jpg 900w\" sizes=\"auto, (max-width: 1024px) 100vw, 1024px\" \/><\/figure>\r\n\r\n\r\n\r\n<figure class=\"wp-block-image size-large\"><img loading=\"lazy\" decoding=\"async\" width=\"1024\" height=\"683\" data-id=\"2146\" class=\"wp-image-2146\" src=\"https:\/\/www.gymnaziumjihlava.cz\/parlament\/wp-content\/uploads\/2023\/08\/IMG_0300-1024x683.jpg\" alt=\"\" srcset=\"https:\/\/www.gymnaziumjihlava.cz\/parlament\/wp-content\/uploads\/2023\/08\/IMG_0300-1024x683.jpg 1024w, https:\/\/www.gymnaziumjihlava.cz\/parlament\/wp-content\/uploads\/2023\/08\/IMG_0300-300x200.jpg 300w, https:\/\/www.gymnaziumjihlava.cz\/parlament\/wp-content\/uploads\/2023\/08\/IMG_0300-768x512.jpg 768w, https:\/\/www.gymnaziumjihlava.cz\/parlament\/wp-content\/uploads\/2023\/08\/IMG_0300-1536x1024.jpg 1536w, https:\/\/www.gymnaziumjihlava.cz\/parlament\/wp-content\/uploads\/2023\/08\/IMG_0300-2048x1365.jpg 2048w, https:\/\/www.gymnaziumjihlava.cz\/parlament\/wp-content\/uploads\/2023\/08\/IMG_0300-900x600.jpg 900w\" sizes=\"auto, (max-width: 1024px) 100vw, 1024px\" \/><\/figure>\r\n\r\n\r\n\r\n<figure class=\"wp-block-image size-large\"><img loading=\"lazy\" decoding=\"async\" width=\"1024\" height=\"683\" data-id=\"2148\" class=\"wp-image-2148\" src=\"https:\/\/www.gymnaziumjihlava.cz\/parlament\/wp-content\/uploads\/2023\/08\/IMG_9759-1024x683.jpg\" alt=\"\" srcset=\"https:\/\/www.gymnaziumjihlava.cz\/parlament\/wp-content\/uploads\/2023\/08\/IMG_9759-1024x683.jpg 1024w, https:\/\/www.gymnaziumjihlava.cz\/parlament\/wp-content\/uploads\/2023\/08\/IMG_9759-300x200.jpg 300w, https:\/\/www.gymnaziumjihlava.cz\/parlament\/wp-content\/uploads\/2023\/08\/IMG_9759-768x512.jpg 768w, https:\/\/www.gymnaziumjihlava.cz\/parlament\/wp-content\/uploads\/2023\/08\/IMG_9759-1536x1024.jpg 1536w, https:\/\/www.gymnaziumjihlava.cz\/parlament\/wp-content\/uploads\/2023\/08\/IMG_9759-2048x1365.jpg 2048w, https:\/\/www.gymnaziumjihlava.cz\/parlament\/wp-content\/uploads\/2023\/08\/IMG_9759-900x600.jpg 900w\" sizes=\"auto, (max-width: 1024px) 100vw, 1024px\" \/><\/figure>\r\n\r\n\r\n\r\n<figure class=\"wp-block-image size-large\"><img loading=\"lazy\" decoding=\"async\" width=\"1024\" height=\"683\" data-id=\"2149\" class=\"wp-image-2149\" src=\"https:\/\/www.gymnaziumjihlava.cz\/parlament\/wp-content\/uploads\/2023\/08\/IMG_9852-1024x683.jpg\" alt=\"\" srcset=\"https:\/\/www.gymnaziumjihlava.cz\/parlament\/wp-content\/uploads\/2023\/08\/IMG_9852-1024x683.jpg 1024w, https:\/\/www.gymnaziumjihlava.cz\/parlament\/wp-content\/uploads\/2023\/08\/IMG_9852-300x200.jpg 300w, https:\/\/www.gymnaziumjihlava.cz\/parlament\/wp-content\/uploads\/2023\/08\/IMG_9852-768x512.jpg 768w, https:\/\/www.gymnaziumjihlava.cz\/parlament\/wp-content\/uploads\/2023\/08\/IMG_9852-1536x1024.jpg 1536w, https:\/\/www.gymnaziumjihlava.cz\/parlament\/wp-content\/uploads\/2023\/08\/IMG_9852-2048x1365.jpg 2048w, https:\/\/www.gymnaziumjihlava.cz\/parlament\/wp-content\/uploads\/2023\/08\/IMG_9852-900x600.jpg 900w\" sizes=\"auto, (max-width: 1024px) 100vw, 1024px\" \/><\/figure>\r\n<p><\/p>\r\n<\/figure>\r\n[\/vc_column_text][\/vc_column][\/vc_row]","protected":false},"excerpt":{"rendered":"<p>[vc_row type=&#8220;in_container&#8220; full_screen_row_position=&#8220;middle&#8220; column_margin=&#8220;default&#8220; column_direction=&#8220;default&#8220; column_direction_tablet=&#8220;default&#8220; column_direction_phone=&#8220;default&#8220; scene_position=&#8220;center&#8220; text_color=&#8220;dark&#8220; text_align=&#8220;left&#8220; row_border_radius=&#8220;none&#8220; row_border_radius_applies=&#8220;bg&#8220; overflow=&#8220;visible&#8220; overlay_strength=&#8220;0.3&#8243; gradient_direction=&#8220;left_to_right&#8220; shape_divider_position=&#8220;bottom&#8220; bg_image_animation=&#8220;none&#8220;][vc_column column_padding=&#8220;no-extra-padding&#8220; column_padding_tablet=&#8220;inherit&#8220; column_padding_phone=&#8220;inherit&#8220; column_padding_position=&#8220;all&#8220; column_element_direction_desktop=&#8220;default&#8220; column_element_spacing=&#8220;default&#8220; desktop_text_alignment=&#8220;default&#8220; tablet_text_alignment=&#8220;default&#8220; phone_text_alignment=&#8220;default&#8220; background_color_opacity=&#8220;1&#8243; background_hover_color_opacity=&#8220;1&#8243; column_backdrop_filter=&#8220;none&#8220; column_shadow=&#8220;none&#8220;&#8230;<\/p>\n","protected":false},"author":3,"featured_media":0,"parent":0,"menu_order":0,"comment_status":"closed","ping_status":"closed","template":"","meta":{"footnotes":""},"class_list":["post-2144","page","type-page","status-publish"],"_links":{"self":[{"href":"https:\/\/www.gymnaziumjihlava.cz\/parlament\/index.php\/wp-json\/wp\/v2\/pages\/2144","targetHints":{"allow":["GET"]}}],"collection":[{"href":"https:\/\/www.gymnaziumjihlava.cz\/parlament\/index.php\/wp-json\/wp\/v2\/pages"}],"about":[{"href":"https:\/\/www.gymnaziumjihlava.cz\/parlament\/index.php\/wp-json\/wp\/v2\/types\/page"}],"author":[{"embeddable":true,"href":"https:\/\/www.gymnaziumjihlava.cz\/parlament\/index.php\/wp-json\/wp\/v2\/users\/3"}],"replies":[{"embeddable":true,"href":"https:\/\/www.gymnaziumjihlava.cz\/parlament\/index.php\/wp-json\/wp\/v2\/comments?post=2144"}],"version-history":[{"count":5,"href":"https:\/\/www.gymnaziumjihlava.cz\/parlament\/index.php\/wp-json\/wp\/v2\/pages\/2144\/revisions"}],"predecessor-version":[{"id":2156,"href":"https:\/\/www.gymnaziumjihlava.cz\/parlament\/index.php\/wp-json\/wp\/v2\/pages\/2144\/revisions\/2156"}],"wp:attachment":[{"href":"https:\/\/www.gymnaziumjihlava.cz\/parlament\/index.php\/wp-json\/wp\/v2\/media?parent=2144"}],"curies":[{"name":"wp","href":"https:\/\/api.w.org\/{rel}","templated":true}]}}